{"id":4771,"date":"2020-10-22T09:08:54","date_gmt":"2020-10-22T09:08:54","guid":{"rendered":"https:\/\/c-metal.lu\/stahlverarbeitung\/"},"modified":"2023-12-07T11:26:53","modified_gmt":"2023-12-07T09:26:53","slug":"transformation-acier-malaxeurs","status":"publish","type":"page","link":"https:\/\/c-metal.lu\/fr\/transformation-acier-malaxeurs\/","title":{"rendered":"Transformation de l&rsquo;acier"},"content":{"rendered":"\n<div style=\"height:100px\" aria-hidden=\"true\" class=\"wp-block-spacer spacer-big\"><\/div>\n\n\n\n<h5 class=\"wp-block-heading has-text-align-center\">Qu&rsquo;il s&rsquo;agisse de d\u00e9coupe thermique, de pliage, de laminage ou de soudage : dans notre atelier moderne, nos ouvriers m\u00e9tallurgistes et nos usineurs qualifi\u00e9s et passionn\u00e9s sont soutenus dans leur travail quotidien par des machines \u00e0 commande num\u00e9rique. Pour nous, le formage \u00e0 froid et l&rsquo;usinage d&rsquo;acier 400 ou 500 HB ne sont pas des activit\u00e9s exceptionnelles, mais notre quotidien.<\/h5>\n\n\n\n<div style=\"height:100px\" aria-hidden=\"true\" class=\"wp-block-spacer spacer-big\"><\/div>\n\n\n\r\n<div class=\"theme-block-full\">\r\n\r\n\t<div class=\"rich-text layout-right\">\r\n\t\r\n\t\t<div class=\"rich-media\">\r\n\t\t<div class=\"flickity-carousel style-column-1 carousel-container\"><div class=\"flickity-item\"><img decoding=\"async\" src=\"https:\/\/c-metal.lu\/wp-content\/uploads\/2020\/10\/CM_Brennschneiden_02-700x500.jpg\" width=\"700\" height=\"500\"><\/div><div class=\"flickity-item\"><img decoding=\"async\" src=\"https:\/\/c-metal.lu\/wp-content\/uploads\/2020\/10\/CM_Brennschneiden_06-700x500.jpg\" width=\"700\" height=\"500\"><\/div><div class=\"flickity-item\"><img decoding=\"async\" src=\"https:\/\/c-metal.lu\/wp-content\/uploads\/2020\/10\/CM_Brennschneiden_01-700x500.jpg\" width=\"700\" height=\"500\"><\/div><div class=\"flickity-item\"><img decoding=\"async\" src=\"https:\/\/c-metal.lu\/wp-content\/uploads\/2020\/10\/CM_Brennschneiden_03-700x500.jpg\" width=\"700\" height=\"500\"><\/div><div class=\"flickity-item\"><img decoding=\"async\" src=\"https:\/\/c-metal.lu\/wp-content\/uploads\/2020\/10\/CM_Brennschneiden_04-700x500.jpg\" width=\"700\" height=\"500\"><\/div><\/div>\t\t<\/div>\r\n\t\r\n\t\t<div class=\"rich-content\">\r\n\t\t<h2>D\u00e9coupe thermique<\/h2>\r\n\t\t\t\t\t<div class=\"text-container\">\r\n\t\t\t<ul>\n<li>D\u00e9coupe autog\u00e8ne<\/li>\n<li>D\u00e9coupe au plasma<\/li>\n<li>Per\u00e7age automatique<\/li>\n<li>Acier hautement r\u00e9sistant \u00e0 l&rsquo;usure<\/li>\n<li>Acier inoxydable<\/li>\n<\/ul>\n\t\t\t<\/div>\r\n\t\t\t\t<\/div>\r\n\t\r\n\t<\/div>\r\n\r\n<\/div>\r\n\n\n\r\n<div class=\"theme-block-full\">\r\n\r\n\t<div class=\"rich-text layout-left\">\r\n\t\r\n\t\t<div class=\"rich-media\">\r\n\t\t<div class=\"flickity-carousel style-column-1 carousel-container\"><div class=\"flickity-item\"><img decoding=\"async\" src=\"https:\/\/c-metal.lu\/wp-content\/uploads\/2020\/10\/CM_Kanten_06-700x500.jpg\" width=\"700\" height=\"500\"><\/div><div class=\"flickity-item\"><img decoding=\"async\" src=\"https:\/\/c-metal.lu\/wp-content\/uploads\/2020\/10\/CM_Kanten_01-700x500.jpg\" width=\"700\" height=\"500\"><\/div><div class=\"flickity-item\"><img decoding=\"async\" src=\"https:\/\/c-metal.lu\/wp-content\/uploads\/2020\/10\/CM_Kanten_02-700x500.jpg\" width=\"700\" height=\"500\"><\/div><div class=\"flickity-item\"><img decoding=\"async\" src=\"https:\/\/c-metal.lu\/wp-content\/uploads\/2020\/10\/CM_Kanten_03-700x500.jpg\" width=\"700\" height=\"500\"><\/div><div class=\"flickity-item\"><img decoding=\"async\" src=\"https:\/\/c-metal.lu\/wp-content\/uploads\/2020\/10\/CM_Kanten_05-700x500.jpg\" width=\"700\" height=\"500\"><\/div><\/div>\t\t<\/div>\r\n\t\r\n\t\t<div class=\"rich-content\">\r\n\t\t<h2>Pliage<\/h2>\r\n\t\t\t\t\t<div class=\"text-container\">\r\n\t\t\t<ul>\n<li>Pression d&rsquo;extrusion 4 500 kN (450T)<\/li>\n<li>Longueur de pliage 4 300 mm<\/li>\n<li>Commande Delem<\/li>\n<li>Grand choix de matrices en V<\/li>\n<\/ul>\n\t\t\t<\/div>\r\n\t\t\t\t<\/div>\r\n\t\r\n\t<\/div>\r\n\r\n<\/div>\r\n\n\n\r\n<div class=\"theme-block-full\">\r\n\r\n\t<div class=\"rich-text layout-right\">\r\n\t\r\n\t\t<div class=\"rich-media\">\r\n\t\t<div class=\"flickity-carousel style-column-1 carousel-container\"><div class=\"flickity-item\"><img decoding=\"async\" src=\"https:\/\/c-metal.lu\/wp-content\/uploads\/2020\/10\/CM_Walzen_08-700x500.jpg\" width=\"700\" height=\"500\"><\/div><div class=\"flickity-item\"><img decoding=\"async\" src=\"https:\/\/c-metal.lu\/wp-content\/uploads\/2020\/10\/CM_Walzen_01-700x500.jpg\" width=\"700\" height=\"500\"><\/div><div class=\"flickity-item\"><img decoding=\"async\" src=\"https:\/\/c-metal.lu\/wp-content\/uploads\/2020\/10\/CM_Walzen_02-700x500.jpg\" width=\"700\" height=\"500\"><\/div><div class=\"flickity-item\"><img decoding=\"async\" src=\"https:\/\/c-metal.lu\/wp-content\/uploads\/2020\/10\/CM_Walzen_03-700x500.jpg\" width=\"700\" height=\"500\"><\/div><div class=\"flickity-item\"><img decoding=\"async\" src=\"https:\/\/c-metal.lu\/wp-content\/uploads\/2020\/10\/CM_Walzen_04-700x500.jpg\" width=\"700\" height=\"500\"><\/div><div class=\"flickity-item\"><img decoding=\"async\" src=\"https:\/\/c-metal.lu\/wp-content\/uploads\/2020\/10\/CM_Walzen_05-700x500.jpg\" width=\"700\" height=\"500\"><\/div><div class=\"flickity-item\"><img decoding=\"async\" src=\"https:\/\/c-metal.lu\/wp-content\/uploads\/2020\/10\/CM_Walzen_06-700x500.jpg\" width=\"700\" height=\"500\"><\/div><div class=\"flickity-item\"><img decoding=\"async\" src=\"https:\/\/c-metal.lu\/wp-content\/uploads\/2020\/10\/CM_Walzen_07-700x500.jpg\" width=\"700\" height=\"500\"><\/div><\/div>\t\t<\/div>\r\n\t\r\n\t\t<div class=\"rich-content\">\r\n\t\t<h2>Laminage<\/h2>\r\n\t\t\t\t\t<div class=\"text-container\">\r\n\t\t\t<ul>\n<li>Lamineuse \u00e0 4 rouleaux<\/li>\n<li>Largeur de travail : 1 000 mm<\/li>\n<li>\u00c9paisseur max. de t\u00f4le 38 mm<\/li>\n<li>Cintrage \u00e0 partir de 30 mm<\/li>\n<li>Diam\u00e8tre le plus petit : 510 mm<\/li>\n<\/ul>\n\t\t\t<\/div>\r\n\t\t\t\t<\/div>\r\n\t\r\n\t<\/div>\r\n\r\n<\/div>\r\n\n\n\r\n<div class=\"theme-block-full\">\r\n\r\n\t<div class=\"rich-text layout-left\">\r\n\t\r\n\t\t<div class=\"rich-media\">\r\n\t\t<div class=\"flickity-carousel style-column-1 carousel-container\"><div class=\"flickity-item\"><img decoding=\"async\" src=\"https:\/\/c-metal.lu\/wp-content\/uploads\/2020\/10\/CM_Schweissen_02-700x500.jpg\" width=\"700\" height=\"500\"><\/div><div class=\"flickity-item\"><img decoding=\"async\" src=\"https:\/\/c-metal.lu\/wp-content\/uploads\/2020\/10\/CM_Schweissen_03-700x500.jpg\" width=\"700\" height=\"500\"><\/div><\/div>\t\t<\/div>\r\n\t\r\n\t\t<div class=\"rich-content\">\r\n\t\t<h2>Soudage<\/h2>\r\n\t\t\t\t\t<div class=\"text-container\">\r\n\t\t\t<ul>\n<li>Acier hautement r\u00e9sistant \u00e0 l&rsquo;usure<\/li>\n<li>Acier de construction<\/li>\n<li>Aluminium<\/li>\n<li>Acier inoxydable<\/li>\n<\/ul>\n\t\t\t<\/div>\r\n\t\t\t\t<\/div>\r\n\t\r\n\t<\/div>\r\n\r\n<\/div>\r\n","protected":false},"excerpt":{"rendered":"<p>Qu&rsquo;il s&rsquo;agisse de d\u00e9coupe thermique, de pliage, de laminage ou de soudage : dans notre atelier moderne, nos ouvriers m\u00e9tallurgistes et nos usineurs qualifi\u00e9s et passionn\u00e9s sont soutenus dans leur travail quotidien par des machines \u00e0 commande num\u00e9rique. Pour nous, le formage \u00e0 froid et l&rsquo;usinage d&rsquo;acier 400 ou 500 HB ne sont pas des [&hellip;]<\/p>\n","protected":false},"author":2,"featured_media":0,"parent":0,"menu_order":0,"comment_status":"closed","ping_status":"closed","template":"","meta":{"_acf_changed":false,"footnotes":""},"class_list":["post-4771","page","type-page","status-publish","hentry"],"acf":[],"yoast_head":"<!-- This site is optimized with the Yoast SEO plugin v27.5 - https:\/\/yoast.com\/product\/yoast-seo-wordpress\/ -->\n<title>Transformation de l&#039;acier C-Metal : fabrication pr\u00e9cise et de qualit\u00e9<\/title>\n<meta name=\"description\" content=\"Transformation de l&#039;acier C-Metal - D\u00e9couvrez nos m\u00e9thodes de fabrication pr\u00e9cises et nos produits en acier de haute qualit\u00e9. Votre partenaire pour les pi\u00e8ces d\u00e9tach\u00e9es pour malaxeurs.\" \/>\n<meta name=\"robots\" content=\"index, follow, max-snippet:-1, max-image-preview:large, max-video-preview:-1\" \/>\n<link rel=\"canonical\" href=\"https:\/\/c-metal.lu\/fr\/transformation-acier-malaxeurs\/\" \/>\n<meta property=\"og:locale\" content=\"fr_FR\" \/>\n<meta property=\"og:type\" content=\"article\" \/>\n<meta property=\"og:title\" content=\"Transformation de l&#039;acier C-Metal : fabrication pr\u00e9cise et de qualit\u00e9\" \/>\n<meta property=\"og:description\" content=\"Transformation de l&#039;acier C-Metal - D\u00e9couvrez nos m\u00e9thodes de fabrication pr\u00e9cises et nos produits en acier de haute qualit\u00e9. Votre partenaire pour les pi\u00e8ces d\u00e9tach\u00e9es pour malaxeurs.\" \/>\n<meta property=\"og:url\" content=\"https:\/\/c-metal.lu\/fr\/transformation-acier-malaxeurs\/\" \/>\n<meta property=\"og:site_name\" content=\"Cmetal\" \/>\n<meta property=\"article:modified_time\" content=\"2023-12-07T09:26:53+00:00\" \/>\n<meta name=\"twitter:card\" content=\"summary_large_image\" \/>\n<meta name=\"twitter:label1\" content=\"Dur\u00e9e de lecture estim\u00e9e\" \/>\n\t<meta name=\"twitter:data1\" content=\"1 minute\" \/>\n<script type=\"application\/ld+json\" class=\"yoast-schema-graph\">{\"@context\":\"https:\\\/\\\/schema.org\",\"@graph\":[{\"@type\":\"WebPage\",\"@id\":\"https:\\\/\\\/c-metal.lu\\\/fr\\\/transformation-acier-malaxeurs\\\/\",\"url\":\"https:\\\/\\\/c-metal.lu\\\/fr\\\/transformation-acier-malaxeurs\\\/\",\"name\":\"Transformation de l'acier C-Metal : fabrication pr\u00e9cise et de qualit\u00e9\",\"isPartOf\":{\"@id\":\"https:\\\/\\\/c-metal.lu\\\/fr\\\/#website\"},\"datePublished\":\"2020-10-22T09:08:54+00:00\",\"dateModified\":\"2023-12-07T09:26:53+00:00\",\"description\":\"Transformation de l'acier C-Metal - D\u00e9couvrez nos m\u00e9thodes de fabrication pr\u00e9cises et nos produits en acier de haute qualit\u00e9. Votre partenaire pour les pi\u00e8ces d\u00e9tach\u00e9es pour malaxeurs.\",\"breadcrumb\":{\"@id\":\"https:\\\/\\\/c-metal.lu\\\/fr\\\/transformation-acier-malaxeurs\\\/#breadcrumb\"},\"inLanguage\":\"fr-FR\",\"potentialAction\":[{\"@type\":\"ReadAction\",\"target\":[\"https:\\\/\\\/c-metal.lu\\\/fr\\\/transformation-acier-malaxeurs\\\/\"]}]},{\"@type\":\"BreadcrumbList\",\"@id\":\"https:\\\/\\\/c-metal.lu\\\/fr\\\/transformation-acier-malaxeurs\\\/#breadcrumb\",\"itemListElement\":[{\"@type\":\"ListItem\",\"position\":1,\"name\":\"Startseite\",\"item\":\"https:\\\/\\\/c-metal.lu\\\/fr\\\/\"},{\"@type\":\"ListItem\",\"position\":2,\"name\":\"Transformation de l&#8217;acier\"}]},{\"@type\":\"WebSite\",\"@id\":\"https:\\\/\\\/c-metal.lu\\\/fr\\\/#website\",\"url\":\"https:\\\/\\\/c-metal.lu\\\/fr\\\/\",\"name\":\"Cmetal\",\"description\":\"Just another WordPress site\",\"publisher\":{\"@id\":\"https:\\\/\\\/c-metal.lu\\\/fr\\\/#organization\"},\"potentialAction\":[{\"@type\":\"SearchAction\",\"target\":{\"@type\":\"EntryPoint\",\"urlTemplate\":\"https:\\\/\\\/c-metal.lu\\\/fr\\\/?s={search_term_string}\"},\"query-input\":{\"@type\":\"PropertyValueSpecification\",\"valueRequired\":true,\"valueName\":\"search_term_string\"}}],\"inLanguage\":\"fr-FR\"},{\"@type\":\"Organization\",\"@id\":\"https:\\\/\\\/c-metal.lu\\\/fr\\\/#organization\",\"name\":\"C-Metal\",\"url\":\"https:\\\/\\\/c-metal.lu\\\/fr\\\/\",\"logo\":{\"@type\":\"ImageObject\",\"inLanguage\":\"fr-FR\",\"@id\":\"https:\\\/\\\/c-metal.lu\\\/fr\\\/#\\\/schema\\\/logo\\\/image\\\/\",\"url\":\"https:\\\/\\\/c-metal.lu\\\/wp-content\\\/uploads\\\/2020\\\/10\\\/C-METAL_Logo.jpg\",\"contentUrl\":\"https:\\\/\\\/c-metal.lu\\\/wp-content\\\/uploads\\\/2020\\\/10\\\/C-METAL_Logo.jpg\",\"width\":709,\"height\":237,\"caption\":\"C-Metal\"},\"image\":{\"@id\":\"https:\\\/\\\/c-metal.lu\\\/fr\\\/#\\\/schema\\\/logo\\\/image\\\/\"}}]}<\/script>\n<!-- \/ Yoast SEO plugin. -->","yoast_head_json":{"title":"Transformation de l'acier C-Metal : fabrication pr\u00e9cise et de qualit\u00e9","description":"Transformation de l'acier C-Metal - D\u00e9couvrez nos m\u00e9thodes de fabrication pr\u00e9cises et nos produits en acier de haute qualit\u00e9. Votre partenaire pour les pi\u00e8ces d\u00e9tach\u00e9es pour malaxeurs.","robots":{"index":"index","follow":"follow","max-snippet":"max-snippet:-1","max-image-preview":"max-image-preview:large","max-video-preview":"max-video-preview:-1"},"canonical":"https:\/\/c-metal.lu\/fr\/transformation-acier-malaxeurs\/","og_locale":"fr_FR","og_type":"article","og_title":"Transformation de l'acier C-Metal : fabrication pr\u00e9cise et de qualit\u00e9","og_description":"Transformation de l'acier C-Metal - D\u00e9couvrez nos m\u00e9thodes de fabrication pr\u00e9cises et nos produits en acier de haute qualit\u00e9. Votre partenaire pour les pi\u00e8ces d\u00e9tach\u00e9es pour malaxeurs.","og_url":"https:\/\/c-metal.lu\/fr\/transformation-acier-malaxeurs\/","og_site_name":"Cmetal","article_modified_time":"2023-12-07T09:26:53+00:00","twitter_card":"summary_large_image","twitter_misc":{"Dur\u00e9e de lecture estim\u00e9e":"1 minute"},"schema":{"@context":"https:\/\/schema.org","@graph":[{"@type":"WebPage","@id":"https:\/\/c-metal.lu\/fr\/transformation-acier-malaxeurs\/","url":"https:\/\/c-metal.lu\/fr\/transformation-acier-malaxeurs\/","name":"Transformation de l'acier C-Metal : fabrication pr\u00e9cise et de qualit\u00e9","isPartOf":{"@id":"https:\/\/c-metal.lu\/fr\/#website"},"datePublished":"2020-10-22T09:08:54+00:00","dateModified":"2023-12-07T09:26:53+00:00","description":"Transformation de l'acier C-Metal - D\u00e9couvrez nos m\u00e9thodes de fabrication pr\u00e9cises et nos produits en acier de haute qualit\u00e9. Votre partenaire pour les pi\u00e8ces d\u00e9tach\u00e9es pour malaxeurs.","breadcrumb":{"@id":"https:\/\/c-metal.lu\/fr\/transformation-acier-malaxeurs\/#breadcrumb"},"inLanguage":"fr-FR","potentialAction":[{"@type":"ReadAction","target":["https:\/\/c-metal.lu\/fr\/transformation-acier-malaxeurs\/"]}]},{"@type":"BreadcrumbList","@id":"https:\/\/c-metal.lu\/fr\/transformation-acier-malaxeurs\/#breadcrumb","itemListElement":[{"@type":"ListItem","position":1,"name":"Startseite","item":"https:\/\/c-metal.lu\/fr\/"},{"@type":"ListItem","position":2,"name":"Transformation de l&#8217;acier"}]},{"@type":"WebSite","@id":"https:\/\/c-metal.lu\/fr\/#website","url":"https:\/\/c-metal.lu\/fr\/","name":"Cmetal","description":"Just another WordPress site","publisher":{"@id":"https:\/\/c-metal.lu\/fr\/#organization"},"potentialAction":[{"@type":"SearchAction","target":{"@type":"EntryPoint","urlTemplate":"https:\/\/c-metal.lu\/fr\/?s={search_term_string}"},"query-input":{"@type":"PropertyValueSpecification","valueRequired":true,"valueName":"search_term_string"}}],"inLanguage":"fr-FR"},{"@type":"Organization","@id":"https:\/\/c-metal.lu\/fr\/#organization","name":"C-Metal","url":"https:\/\/c-metal.lu\/fr\/","logo":{"@type":"ImageObject","inLanguage":"fr-FR","@id":"https:\/\/c-metal.lu\/fr\/#\/schema\/logo\/image\/","url":"https:\/\/c-metal.lu\/wp-content\/uploads\/2020\/10\/C-METAL_Logo.jpg","contentUrl":"https:\/\/c-metal.lu\/wp-content\/uploads\/2020\/10\/C-METAL_Logo.jpg","width":709,"height":237,"caption":"C-Metal"},"image":{"@id":"https:\/\/c-metal.lu\/fr\/#\/schema\/logo\/image\/"}}]}},"_links":{"self":[{"href":"https:\/\/c-metal.lu\/fr\/wp-json\/wp\/v2\/pages\/4771","targetHints":{"allow":["GET"]}}],"collection":[{"href":"https:\/\/c-metal.lu\/fr\/wp-json\/wp\/v2\/pages"}],"about":[{"href":"https:\/\/c-metal.lu\/fr\/wp-json\/wp\/v2\/types\/page"}],"author":[{"embeddable":true,"href":"https:\/\/c-metal.lu\/fr\/wp-json\/wp\/v2\/users\/2"}],"replies":[{"embeddable":true,"href":"https:\/\/c-metal.lu\/fr\/wp-json\/wp\/v2\/comments?post=4771"}],"version-history":[{"count":0,"href":"https:\/\/c-metal.lu\/fr\/wp-json\/wp\/v2\/pages\/4771\/revisions"}],"wp:attachment":[{"href":"https:\/\/c-metal.lu\/fr\/wp-json\/wp\/v2\/media?parent=4771"}],"curies":[{"name":"wp","href":"https:\/\/api.w.org\/{rel}","templated":true}]}}