{"id":4789,"date":"2020-10-22T08:58:20","date_gmt":"2020-10-22T08:58:20","guid":{"rendered":"https:\/\/c-metal.lu\/giesserei\/"},"modified":"2023-12-07T11:27:01","modified_gmt":"2023-12-07T09:27:01","slug":"fonderie-pieces-detachees-malaxeurs","status":"publish","type":"page","link":"https:\/\/c-metal.lu\/fr\/fonderie-pieces-detachees-malaxeurs\/","title":{"rendered":"Fonderie"},"content":{"rendered":"\n<div style=\"height:70px\" aria-hidden=\"true\" class=\"wp-block-spacer spacer-big\"><\/div>\n\n\n\n<h5 class=\"wp-block-heading has-text-align-center\">Chez C-METAL, chaque \u00e9tape de travail est r\u00e9alis\u00e9e avec le plus grand soin, depuis le contact client jusqu&rsquo;\u00e0 la finalisation de la pi\u00e8ce, en passant par les mesures, les dessins et le coulage.<\/h5>\n\n\n\n<div style=\"height:70px\" aria-hidden=\"true\" class=\"wp-block-spacer spacer-big\"><\/div>\n\n\n\r\n<div class=\"theme-block-full\">\r\n\r\n\t<div class=\"rich-text layout-right\">\r\n\t\r\n\t\t<div class=\"rich-media\">\r\n\t\t<div class=\"flickity-carousel style-column-1 carousel-container\"><div class=\"flickity-item\"><img decoding=\"async\" src=\"https:\/\/c-metal.lu\/wp-content\/uploads\/2020\/10\/CM_Messen_03-scaled-1-700x500.jpg\" width=\"700\" height=\"500\"><\/div><div class=\"flickity-item\"><img decoding=\"async\" src=\"https:\/\/c-metal.lu\/wp-content\/uploads\/2020\/10\/CM_Messen_04-scaled-1-700x500.jpg\" width=\"700\" height=\"500\"><\/div><\/div>\t\t<\/div>\r\n\t\r\n\t\t<div class=\"rich-content\">\r\n\t\t<h2>Mesures<\/h2>\r\n\t\t\t\t\t<div class=\"text-container\">\r\n\t\t\t<p><strong>La prise des mesures d&rsquo;une pi\u00e8ce existante, premi\u00e8re \u00e9tape dans l&rsquo;\u00e9laboration de nos produits, est essentielle pour disposer d&rsquo;outils parfaitement ajust\u00e9s.<\/strong><\/p>\n<p>Nous nous montrons \u00e0 la hauteur de vos besoins en calculant des formes g\u00e9om\u00e9triques complexes, m\u00eame dans des conditions difficiles.<\/p>\n\t\t\t<\/div>\r\n\t\t\t\t<\/div>\r\n\t\r\n\t<\/div>\r\n\r\n<\/div>\r\n\n\n\r\n<div class=\"theme-block-full\">\r\n\r\n\t<div class=\"rich-text layout-left\">\r\n\t\r\n\t\t<div class=\"rich-media\">\r\n\t\t<div class=\"flickity-carousel style-column-1 carousel-container\"><div class=\"flickity-item\"><img decoding=\"async\" src=\"https:\/\/c-metal.lu\/wp-content\/uploads\/2020\/10\/zeichnen-700x500.jpg\" width=\"700\" height=\"500\"><\/div><div class=\"flickity-item\"><img decoding=\"async\" src=\"https:\/\/c-metal.lu\/wp-content\/uploads\/2020\/10\/3D_Zeichnen-700x500.jpg\" width=\"700\" height=\"500\"><\/div><\/div>\t\t<\/div>\r\n\t\r\n\t\t<div class=\"rich-content\">\r\n\t\t<h2>Dessins<\/h2>\r\n\t\t\t\t\t<div class=\"text-container\">\r\n\t\t\t<p>Sur la base des mesures \u00e9tablies, nous r\u00e9alisons les dessins techniques. Ces derniers sont utilis\u00e9s par les menuisiers-modeleurs pour produire les moules de coulage.<\/p>\n\t\t\t<\/div>\r\n\t\t\t\t<\/div>\r\n\t\r\n\t<\/div>\r\n\r\n<\/div>\r\n\n\n\r\n<div class=\"theme-block-full\">\r\n\r\n\t<div class=\"rich-text layout-right\">\r\n\t\r\n\t\t<div class=\"rich-media\">\r\n\t\t<div class=\"flickity-carousel style-column-1 carousel-container\"><div class=\"flickity-item\"><img decoding=\"async\" src=\"https:\/\/c-metal.lu\/wp-content\/uploads\/2020\/10\/CM_Giessen_02-700x500.jpg\" width=\"700\" height=\"500\"><\/div><div class=\"flickity-item\"><img decoding=\"async\" src=\"https:\/\/c-metal.lu\/wp-content\/uploads\/2020\/10\/CM_Giessen_03-700x500.jpg\" width=\"700\" height=\"500\"><\/div><\/div>\t\t<\/div>\r\n\t\r\n\t\t<div class=\"rich-content\">\r\n\t\t<h2>Coulage<\/h2>\r\n\t\t\t\t\t<div class=\"text-container\">\r\n\t\t\t<h6>En coop\u00e9ration avec la fonderie, les diff\u00e9rents param\u00e8tres sont \u00e9tablis pour d\u00e9finir les alliages. Les alliages de fonte dure sont sp\u00e9cialement s\u00e9lectionn\u00e9s pour r\u00e9pondre \u00e0 l&rsquo;application vis\u00e9e, et permettent le traitement thermique qui suit.<\/h6>\n\t\t\t<\/div>\r\n\t\t\t\t<\/div>\r\n\t\r\n\t<\/div>\r\n\r\n<\/div>\r\n\n\n\r\n<div class=\"theme-block-full\">\r\n\r\n\t<div class=\"rich-text layout-left\">\r\n\t\r\n\t\t<div class=\"rich-media\">\r\n\t\t<div class=\"flickity-carousel style-column-1 carousel-container\"><div class=\"flickity-item\"><img decoding=\"async\" src=\"https:\/\/c-metal.lu\/wp-content\/uploads\/2020\/10\/CM_Giessen_04-700x500.jpg\" width=\"700\" height=\"500\"><\/div><div class=\"flickity-item\"><img decoding=\"async\" src=\"https:\/\/c-metal.lu\/wp-content\/uploads\/2020\/10\/CM_Giessen_05-700x500.jpg\" width=\"700\" height=\"500\"><\/div><div class=\"flickity-item\"><img decoding=\"async\" src=\"https:\/\/c-metal.lu\/wp-content\/uploads\/2020\/10\/CM_Giessen_06-700x500.jpg\" width=\"700\" height=\"500\"><\/div><\/div>\t\t<\/div>\r\n\t\r\n\t\t<div class=\"rich-content\">\r\n\t\t<h2>Durcissement<\/h2>\r\n\t\t\t\t\t<div class=\"text-container\">\r\n\t\t\t<p>Gr\u00e2ce au traitement thermique des outils effectu\u00e9 apr\u00e8s le coulage, nous atteignons un niveau de duret\u00e9 \u00e9lev\u00e9 et constant (jusqu&rsquo;\u00e0 65 HRC), ce qui permet d&rsquo;obtenir des pi\u00e8ces d&rsquo;usure ayant des cycles de vie plus longs.<\/p>\n\t\t\t<\/div>\r\n\t\t\t\t<\/div>\r\n\t\r\n\t<\/div>\r\n\r\n<\/div>\r\n\n\n\n<p><\/p>\n","protected":false},"excerpt":{"rendered":"<p>Chez C-METAL, chaque \u00e9tape de travail est r\u00e9alis\u00e9e avec le plus grand soin, depuis le contact client jusqu&rsquo;\u00e0 la finalisation de la pi\u00e8ce, en passant par les mesures, les dessins et le coulage.<\/p>\n","protected":false},"author":2,"featured_media":5539,"parent":0,"menu_order":0,"comment_status":"closed","ping_status":"closed","template":"","meta":{"_acf_changed":false,"footnotes":""},"class_list":["post-4789","page","type-page","status-publish","has-post-thumbnail","hentry"],"acf":[],"yoast_head":"<!-- This site is optimized with the Yoast SEO plugin v27.5 - https:\/\/yoast.com\/product\/yoast-seo-wordpress\/ -->\n<title>Fonderie C-Metal : fabrication pr\u00e9cise et fonte de qualit\u00e9<\/title>\n<meta name=\"description\" content=\"Fonderie C-Metal - Apprenez-en plus sur nos processus de fabrication pr\u00e9cis et nos coul\u00e9es de qualit\u00e9 sup\u00e9rieure. Votre partenaire pour les pi\u00e8ces d&#039;usure des b\u00e9tonni\u00e8res.\" \/>\n<meta name=\"robots\" content=\"index, follow, max-snippet:-1, max-image-preview:large, max-video-preview:-1\" \/>\n<link rel=\"canonical\" href=\"https:\/\/c-metal.lu\/fr\/fonderie-pieces-detachees-malaxeurs\/\" \/>\n<meta property=\"og:locale\" content=\"fr_FR\" \/>\n<meta property=\"og:type\" content=\"article\" \/>\n<meta property=\"og:title\" content=\"Fonderie C-Metal : fabrication pr\u00e9cise et fonte de qualit\u00e9\" \/>\n<meta property=\"og:description\" content=\"Fonderie C-Metal - Apprenez-en plus sur nos processus de fabrication pr\u00e9cis et nos coul\u00e9es de qualit\u00e9 sup\u00e9rieure. Votre partenaire pour les pi\u00e8ces d&#039;usure des b\u00e9tonni\u00e8res.\" \/>\n<meta property=\"og:url\" content=\"https:\/\/c-metal.lu\/fr\/fonderie-pieces-detachees-malaxeurs\/\" \/>\n<meta property=\"og:site_name\" content=\"Cmetal\" \/>\n<meta property=\"article:modified_time\" content=\"2023-12-07T09:27:01+00:00\" \/>\n<meta name=\"twitter:card\" content=\"summary_large_image\" \/>\n<meta name=\"twitter:label1\" content=\"Dur\u00e9e de lecture estim\u00e9e\" \/>\n\t<meta name=\"twitter:data1\" content=\"1 minute\" \/>\n<script type=\"application\/ld+json\" class=\"yoast-schema-graph\">{\"@context\":\"https:\\\/\\\/schema.org\",\"@graph\":[{\"@type\":\"WebPage\",\"@id\":\"https:\\\/\\\/c-metal.lu\\\/fr\\\/fonderie-pieces-detachees-malaxeurs\\\/\",\"url\":\"https:\\\/\\\/c-metal.lu\\\/fr\\\/fonderie-pieces-detachees-malaxeurs\\\/\",\"name\":\"Fonderie C-Metal : fabrication pr\u00e9cise et fonte de qualit\u00e9\",\"isPartOf\":{\"@id\":\"https:\\\/\\\/c-metal.lu\\\/fr\\\/#website\"},\"primaryImageOfPage\":{\"@id\":\"https:\\\/\\\/c-metal.lu\\\/fr\\\/fonderie-pieces-detachees-malaxeurs\\\/#primaryimage\"},\"image\":{\"@id\":\"https:\\\/\\\/c-metal.lu\\\/fr\\\/fonderie-pieces-detachees-malaxeurs\\\/#primaryimage\"},\"thumbnailUrl\":\"https:\\\/\\\/c-metal.lu\\\/wp-content\\\/uploads\\\/2020\\\/10\\\/CM_Giessen_03-1.jpg\",\"datePublished\":\"2020-10-22T08:58:20+00:00\",\"dateModified\":\"2023-12-07T09:27:01+00:00\",\"description\":\"Fonderie C-Metal - Apprenez-en plus sur nos processus de fabrication pr\u00e9cis et nos coul\u00e9es de qualit\u00e9 sup\u00e9rieure. Votre partenaire pour les pi\u00e8ces d'usure des b\u00e9tonni\u00e8res.\",\"breadcrumb\":{\"@id\":\"https:\\\/\\\/c-metal.lu\\\/fr\\\/fonderie-pieces-detachees-malaxeurs\\\/#breadcrumb\"},\"inLanguage\":\"fr-FR\",\"potentialAction\":[{\"@type\":\"ReadAction\",\"target\":[\"https:\\\/\\\/c-metal.lu\\\/fr\\\/fonderie-pieces-detachees-malaxeurs\\\/\"]}]},{\"@type\":\"ImageObject\",\"inLanguage\":\"fr-FR\",\"@id\":\"https:\\\/\\\/c-metal.lu\\\/fr\\\/fonderie-pieces-detachees-malaxeurs\\\/#primaryimage\",\"url\":\"https:\\\/\\\/c-metal.lu\\\/wp-content\\\/uploads\\\/2020\\\/10\\\/CM_Giessen_03-1.jpg\",\"contentUrl\":\"https:\\\/\\\/c-metal.lu\\\/wp-content\\\/uploads\\\/2020\\\/10\\\/CM_Giessen_03-1.jpg\",\"width\":1920,\"height\":1272},{\"@type\":\"BreadcrumbList\",\"@id\":\"https:\\\/\\\/c-metal.lu\\\/fr\\\/fonderie-pieces-detachees-malaxeurs\\\/#breadcrumb\",\"itemListElement\":[{\"@type\":\"ListItem\",\"position\":1,\"name\":\"Startseite\",\"item\":\"https:\\\/\\\/c-metal.lu\\\/fr\\\/\"},{\"@type\":\"ListItem\",\"position\":2,\"name\":\"Fonderie\"}]},{\"@type\":\"WebSite\",\"@id\":\"https:\\\/\\\/c-metal.lu\\\/fr\\\/#website\",\"url\":\"https:\\\/\\\/c-metal.lu\\\/fr\\\/\",\"name\":\"Cmetal\",\"description\":\"Just another WordPress site\",\"publisher\":{\"@id\":\"https:\\\/\\\/c-metal.lu\\\/fr\\\/#organization\"},\"potentialAction\":[{\"@type\":\"SearchAction\",\"target\":{\"@type\":\"EntryPoint\",\"urlTemplate\":\"https:\\\/\\\/c-metal.lu\\\/fr\\\/?s={search_term_string}\"},\"query-input\":{\"@type\":\"PropertyValueSpecification\",\"valueRequired\":true,\"valueName\":\"search_term_string\"}}],\"inLanguage\":\"fr-FR\"},{\"@type\":\"Organization\",\"@id\":\"https:\\\/\\\/c-metal.lu\\\/fr\\\/#organization\",\"name\":\"C-Metal\",\"url\":\"https:\\\/\\\/c-metal.lu\\\/fr\\\/\",\"logo\":{\"@type\":\"ImageObject\",\"inLanguage\":\"fr-FR\",\"@id\":\"https:\\\/\\\/c-metal.lu\\\/fr\\\/#\\\/schema\\\/logo\\\/image\\\/\",\"url\":\"https:\\\/\\\/c-metal.lu\\\/wp-content\\\/uploads\\\/2020\\\/10\\\/C-METAL_Logo.jpg\",\"contentUrl\":\"https:\\\/\\\/c-metal.lu\\\/wp-content\\\/uploads\\\/2020\\\/10\\\/C-METAL_Logo.jpg\",\"width\":709,\"height\":237,\"caption\":\"C-Metal\"},\"image\":{\"@id\":\"https:\\\/\\\/c-metal.lu\\\/fr\\\/#\\\/schema\\\/logo\\\/image\\\/\"}}]}<\/script>\n<!-- \/ Yoast SEO plugin. -->","yoast_head_json":{"title":"Fonderie C-Metal : fabrication pr\u00e9cise et fonte de qualit\u00e9","description":"Fonderie C-Metal - Apprenez-en plus sur nos processus de fabrication pr\u00e9cis et nos coul\u00e9es de qualit\u00e9 sup\u00e9rieure. Votre partenaire pour les pi\u00e8ces d'usure des b\u00e9tonni\u00e8res.","robots":{"index":"index","follow":"follow","max-snippet":"max-snippet:-1","max-image-preview":"max-image-preview:large","max-video-preview":"max-video-preview:-1"},"canonical":"https:\/\/c-metal.lu\/fr\/fonderie-pieces-detachees-malaxeurs\/","og_locale":"fr_FR","og_type":"article","og_title":"Fonderie C-Metal : fabrication pr\u00e9cise et fonte de qualit\u00e9","og_description":"Fonderie C-Metal - Apprenez-en plus sur nos processus de fabrication pr\u00e9cis et nos coul\u00e9es de qualit\u00e9 sup\u00e9rieure. Votre partenaire pour les pi\u00e8ces d'usure des b\u00e9tonni\u00e8res.","og_url":"https:\/\/c-metal.lu\/fr\/fonderie-pieces-detachees-malaxeurs\/","og_site_name":"Cmetal","article_modified_time":"2023-12-07T09:27:01+00:00","twitter_card":"summary_large_image","twitter_misc":{"Dur\u00e9e de lecture estim\u00e9e":"1 minute"},"schema":{"@context":"https:\/\/schema.org","@graph":[{"@type":"WebPage","@id":"https:\/\/c-metal.lu\/fr\/fonderie-pieces-detachees-malaxeurs\/","url":"https:\/\/c-metal.lu\/fr\/fonderie-pieces-detachees-malaxeurs\/","name":"Fonderie C-Metal : fabrication pr\u00e9cise et fonte de qualit\u00e9","isPartOf":{"@id":"https:\/\/c-metal.lu\/fr\/#website"},"primaryImageOfPage":{"@id":"https:\/\/c-metal.lu\/fr\/fonderie-pieces-detachees-malaxeurs\/#primaryimage"},"image":{"@id":"https:\/\/c-metal.lu\/fr\/fonderie-pieces-detachees-malaxeurs\/#primaryimage"},"thumbnailUrl":"https:\/\/c-metal.lu\/wp-content\/uploads\/2020\/10\/CM_Giessen_03-1.jpg","datePublished":"2020-10-22T08:58:20+00:00","dateModified":"2023-12-07T09:27:01+00:00","description":"Fonderie C-Metal - Apprenez-en plus sur nos processus de fabrication pr\u00e9cis et nos coul\u00e9es de qualit\u00e9 sup\u00e9rieure. Votre partenaire pour les pi\u00e8ces d'usure des b\u00e9tonni\u00e8res.","breadcrumb":{"@id":"https:\/\/c-metal.lu\/fr\/fonderie-pieces-detachees-malaxeurs\/#breadcrumb"},"inLanguage":"fr-FR","potentialAction":[{"@type":"ReadAction","target":["https:\/\/c-metal.lu\/fr\/fonderie-pieces-detachees-malaxeurs\/"]}]},{"@type":"ImageObject","inLanguage":"fr-FR","@id":"https:\/\/c-metal.lu\/fr\/fonderie-pieces-detachees-malaxeurs\/#primaryimage","url":"https:\/\/c-metal.lu\/wp-content\/uploads\/2020\/10\/CM_Giessen_03-1.jpg","contentUrl":"https:\/\/c-metal.lu\/wp-content\/uploads\/2020\/10\/CM_Giessen_03-1.jpg","width":1920,"height":1272},{"@type":"BreadcrumbList","@id":"https:\/\/c-metal.lu\/fr\/fonderie-pieces-detachees-malaxeurs\/#breadcrumb","itemListElement":[{"@type":"ListItem","position":1,"name":"Startseite","item":"https:\/\/c-metal.lu\/fr\/"},{"@type":"ListItem","position":2,"name":"Fonderie"}]},{"@type":"WebSite","@id":"https:\/\/c-metal.lu\/fr\/#website","url":"https:\/\/c-metal.lu\/fr\/","name":"Cmetal","description":"Just another WordPress site","publisher":{"@id":"https:\/\/c-metal.lu\/fr\/#organization"},"potentialAction":[{"@type":"SearchAction","target":{"@type":"EntryPoint","urlTemplate":"https:\/\/c-metal.lu\/fr\/?s={search_term_string}"},"query-input":{"@type":"PropertyValueSpecification","valueRequired":true,"valueName":"search_term_string"}}],"inLanguage":"fr-FR"},{"@type":"Organization","@id":"https:\/\/c-metal.lu\/fr\/#organization","name":"C-Metal","url":"https:\/\/c-metal.lu\/fr\/","logo":{"@type":"ImageObject","inLanguage":"fr-FR","@id":"https:\/\/c-metal.lu\/fr\/#\/schema\/logo\/image\/","url":"https:\/\/c-metal.lu\/wp-content\/uploads\/2020\/10\/C-METAL_Logo.jpg","contentUrl":"https:\/\/c-metal.lu\/wp-content\/uploads\/2020\/10\/C-METAL_Logo.jpg","width":709,"height":237,"caption":"C-Metal"},"image":{"@id":"https:\/\/c-metal.lu\/fr\/#\/schema\/logo\/image\/"}}]}},"_links":{"self":[{"href":"https:\/\/c-metal.lu\/fr\/wp-json\/wp\/v2\/pages\/4789","targetHints":{"allow":["GET"]}}],"collection":[{"href":"https:\/\/c-metal.lu\/fr\/wp-json\/wp\/v2\/pages"}],"about":[{"href":"https:\/\/c-metal.lu\/fr\/wp-json\/wp\/v2\/types\/page"}],"author":[{"embeddable":true,"href":"https:\/\/c-metal.lu\/fr\/wp-json\/wp\/v2\/users\/2"}],"replies":[{"embeddable":true,"href":"https:\/\/c-metal.lu\/fr\/wp-json\/wp\/v2\/comments?post=4789"}],"version-history":[{"count":0,"href":"https:\/\/c-metal.lu\/fr\/wp-json\/wp\/v2\/pages\/4789\/revisions"}],"wp:featuredmedia":[{"embeddable":true,"href":"https:\/\/c-metal.lu\/fr\/wp-json\/wp\/v2\/media\/5539"}],"wp:attachment":[{"href":"https:\/\/c-metal.lu\/fr\/wp-json\/wp\/v2\/media?parent=4789"}],"curies":[{"name":"wp","href":"https:\/\/api.w.org\/{rel}","templated":true}]}}